{"id":3398,"date":"2019-01-16T10:40:05","date_gmt":"2019-01-16T13:40:05","guid":{"rendered":"https:\/\/www.inxtopartners.com\/?page_id=3398"},"modified":"2023-08-07T06:37:28","modified_gmt":"2023-08-07T09:37:28","slug":"proyectos","status":"publish","type":"page","link":"https:\/\/www.inxtopartners.com\/en\/proyectos\/","title":{"rendered":"PROJECTS"},"content":{"rendered":"<div data-vc-full-width=\"true\" data-vc-full-width-init=\"false\" data-vc-stretch-content=\"true\" class=\"vc_row wpb_row vc_row-fluid vc_custom_1519011498364 vc_row-has-fill vc_row-no-padding\"><div class=\"wpb_column vc_column_container vc_col-sm-12\"><div class=\"vc_column-inner\"><div class=\"wpb_wrapper\"><\/div><\/div><\/div><\/div><div class=\"vc_row-full-width vc_clearfix\"><\/div><div data-vc-full-width=\"true\" data-vc-full-width-init=\"false\" class=\"vc_row wpb_row vc_row-fluid vc_custom_1691401025032 vc_row-has-fill vc_row-o-content-middle vc_row-flex\"><div class=\"wpb_column vc_column_container vc_col-sm-4\"><div class=\"vc_column-inner vc_custom_1475125237664\"><div class=\"wpb_wrapper\">\n\t<div class=\"wpb_text_column wpb_content_element\"  >\n\t\t<div class=\"wpb_wrapper\">\n\t\t\t<p>CONTACT US<br \/>\nTo receive information about projects we are developing or investment opportunities, please complete this form, and we will contact you promptly.<\/p>\n\n\t\t<\/div>\n\t<\/div>\n\n<div class=\"wpcf7 no-js\" id=\"wpcf7-f93-o1\" lang=\"en-US\" dir=\"ltr\" data-wpcf7-id=\"93\">\n<div class=\"screen-reader-response\"><p role=\"status\" aria-live=\"polite\" aria-atomic=\"true\"><\/p> <ul><\/ul><\/div>\n<form action=\"\/en\/wp-json\/wp\/v2\/pages\/3398#wpcf7-f93-o1\" method=\"post\" class=\"wpcf7-form init financial-contact-form-two\" aria-label=\"Contact form\" novalidate=\"novalidate\" data-status=\"init\" data-trp-original-action=\"\/en\/wp-json\/wp\/v2\/pages\/3398#wpcf7-f93-o1\">\n<div style=\"display: none;\">\n<input type=\"hidden\" name=\"_wpcf7\" value=\"93\" \/>\n<input type=\"hidden\" name=\"_wpcf7_version\" value=\"6.0.6\" \/>\n<input type=\"hidden\" name=\"_wpcf7_locale\" value=\"en_US\" \/>\n<input type=\"hidden\" name=\"_wpcf7_unit_tag\" value=\"wpcf7-f93-o1\" \/>\n<input type=\"hidden\" name=\"_wpcf7_container_post\" value=\"0\" \/>\n<input type=\"hidden\" name=\"_wpcf7_posted_data_hash\" value=\"\" \/>\n<\/div>\n<p><label><span class=\"wpcf7-form-control-wrap\" data-name=\"your-name\"><input size=\"40\" maxlength=\"400\" class=\"wpcf7-form-control wpcf7-text wpcf7-validates-as-required\" aria-required=\"true\" aria-invalid=\"false\" placeholder=\"*Full name\" value=\"\" type=\"text\" name=\"your-name\" \/><\/span> <\/label>\n<\/p>\n<p><label><span class=\"wpcf7-form-control-wrap\" data-name=\"your-email\"><input size=\"40\" maxlength=\"400\" class=\"wpcf7-form-control wpcf7-email wpcf7-validates-as-required wpcf7-text wpcf7-validates-as-email\" aria-required=\"true\" aria-invalid=\"false\" placeholder=\"*E-mail\" value=\"\" type=\"email\" name=\"your-email\" \/><\/span> <\/label>\n<\/p>\n<p><label><span class=\"wpcf7-form-control-wrap\" data-name=\"your-subject\"><input size=\"40\" maxlength=\"400\" class=\"wpcf7-form-control wpcf7-text\" aria-invalid=\"false\" placeholder=\"*Subject\" value=\"\" type=\"text\" name=\"your-subject\" \/><\/span> <\/label>\n<\/p>\n<p><label><span class=\"wpcf7-form-control-wrap\" data-name=\"your-message\"><textarea cols=\"40\" rows=\"10\" maxlength=\"2000\" class=\"wpcf7-form-control wpcf7-textarea\" aria-invalid=\"false\" placeholder=\"*Message\" name=\"your-message\"><\/textarea><\/span> <\/label>\n<\/p>\n<p><input class=\"wpcf7-form-control wpcf7-submit has-spinner izquierda\" type=\"submit\" value=\"SEND INQUIRY\" \/>\n<\/p><div class=\"wpcf7-response-output\" aria-hidden=\"true\"><\/div>\n<input type=\"hidden\" name=\"trp-form-language\" value=\"en\"\/><\/form>\n<\/div>\n<\/div><\/div><\/div><div class=\"wpb_column vc_column_container vc_col-sm-4\"><div class=\"vc_column-inner\"><div class=\"wpb_wrapper\">\n\t<div class=\"wpb_text_column wpb_content_element\"  >\n\t\t<div class=\"wpb_wrapper\">\n\t\t\t<p><iframe loading=\"lazy\" style=\"border: 0;\" src=\"https:\/\/www.google.com\/maps\/embed?pb=!1m18!1m12!1m3!1d3272.7884192775373!2d-56.05748968476277!3d-34.886658980387274!2m3!1f0!2f0!3f0!3m2!1i1024!2i768!4f13.1!3m3!1m2!1s0x959f866925e1a9db%3A0xf57940b2a162ff10!2sPotosi%201657%2C%2011500%20Montevideo%2C%20Departamento%20de%20Montevideo!5e0!3m2!1ses!2suy!4v1614018319461!5m2!1ses!2suy\" width=\"600\" height=\"450\" allowfullscreen=\"allowfullscreen\"><\/iframe><\/p>\n\n\t\t<\/div>\n\t<\/div>\n<\/div><\/div><\/div><div class=\"wpb_column vc_column_container vc_col-sm-4\"><div class=\"vc_column-inner\"><div class=\"wpb_wrapper\">\n\t<div class=\"wpb_text_column wpb_content_element\"  >\n\t\t<div class=\"wpb_wrapper\">\n\t\t\t<p><iframe loading=\"lazy\" style=\"border: 0;\" src=\"https:\/\/www.google.com\/maps\/embed?pb=!1m14!1m8!1m3!1d15699.094716674257!2d-56.07088658890493!3d-34.79122998382134!3m2!1i1024!2i768!4f13.1!3m3!1m2!1s0x95a0290108ed868d%3A0xca8e3961ebff487f!2sZonamerica!5e0!3m2!1ses!2ses!4v1688467925197!5m2!1ses!2ses\" width=\"600\" height=\"450\" allowfullscreen=\"allowfullscreen\"><\/iframe><\/p>\n\n\t\t<\/div>\n\t<\/div>\n<\/div><\/div><\/div><\/div><div class=\"vc_row-full-width vc_clearfix\"><\/div>","protected":false},"excerpt":{"rendered":"ESCR\u00cdBENOS Para recibir informaci\u00f3n de los proyectos que estamos desarrollando u oportunidades de inversi\u00f3n completa este formulario y te estaremos respondiendo a la brevedad.","protected":false},"author":1,"featured_media":0,"parent":0,"menu_order":0,"comment_status":"closed","ping_status":"closed","template":"","meta":{"footnotes":""},"class_list":["post-3398","page","type-page","status-publish","hentry"],"brizy_media":[],"_links":{"self":[{"href":"https:\/\/www.inxtopartners.com\/en\/wp-json\/wp\/v2\/pages\/3398","targetHints":{"allow":["GET"]}}],"collection":[{"href":"https:\/\/www.inxtopartners.com\/en\/wp-json\/wp\/v2\/pages"}],"about":[{"href":"https:\/\/www.inxtopartners.com\/en\/wp-json\/wp\/v2\/types\/page"}],"author":[{"embeddable":true,"href":"https:\/\/www.inxtopartners.com\/en\/wp-json\/wp\/v2\/users\/1"}],"replies":[{"embeddable":true,"href":"https:\/\/www.inxtopartners.com\/en\/wp-json\/wp\/v2\/comments?post=3398"}],"version-history":[{"count":10,"href":"https:\/\/www.inxtopartners.com\/en\/wp-json\/wp\/v2\/pages\/3398\/revisions"}],"predecessor-version":[{"id":3507,"href":"https:\/\/www.inxtopartners.com\/en\/wp-json\/wp\/v2\/pages\/3398\/revisions\/3507"}],"wp:attachment":[{"href":"https:\/\/www.inxtopartners.com\/en\/wp-json\/wp\/v2\/media?parent=3398"}],"curies":[{"name":"wp","href":"https:\/\/api.w.org\/{rel}","templated":true}]}}